{"id":210,"date":"2025-11-13T12:20:43","date_gmt":"2025-11-13T12:20:43","guid":{"rendered":"https:\/\/durahome.rs\/?post_type=product&#038;p=210"},"modified":"2025-12-10T05:21:05","modified_gmt":"2025-12-10T05:21:05","slug":"ogledalo-bez-rama","status":"publish","type":"product","link":"https:\/\/durahome.rs\/index.php\/product\/ogledalo-bez-rama\/","title":{"rendered":"Ogledalo bez rama"},"content":{"rendered":"<h3 data-start=\"230\" data-end=\"267\"><strong data-start=\"234\" data-end=\"267\">Standardno ogledalo obuhvata:<\/strong><\/h3>\n<ul data-start=\"268\" data-end=\"391\">\n<li data-start=\"268\" data-end=\"297\">\n<p data-start=\"270\" data-end=\"297\">Visokokvalitetno ogledalo<\/p>\n<\/li>\n<li data-start=\"298\" data-end=\"336\">\n<p data-start=\"300\" data-end=\"336\">2m kabla sa uti\u010dnicom i prekida\u010dem<\/p>\n<\/li>\n<li data-start=\"337\" data-end=\"365\">\n<p data-start=\"339\" data-end=\"365\">Sistem za ka\u010denje na zid<\/p>\n<\/li>\n<li data-start=\"366\" data-end=\"391\">\n<p data-start=\"368\" data-end=\"391\">Sijalica grla <strong data-start=\"382\" data-end=\"389\">E27<\/strong><\/p>\n<\/li>\n<\/ul>\n<hr data-start=\"393\" data-end=\"396\" \/>\n<h3 data-start=\"398\" data-end=\"424\"><strong data-start=\"402\" data-end=\"424\">Sijalice (opciono)<\/strong><\/h3>\n<p data-start=\"425\" data-end=\"534\">U cenu ogledala <strong data-start=\"441\" data-end=\"468\">nisu uklju\u010dene sijalice<\/strong>.<br data-start=\"469\" data-end=\"472\" \/>Ako \u017eelite da ih dodate uz ogledalo, u ponudi imamo dve vrste:<\/p>\n<ul data-start=\"536\" data-end=\"689\">\n<li data-start=\"536\" data-end=\"614\">\n<p data-start=\"538\" data-end=\"614\"><strong data-start=\"538\" data-end=\"559\">Klasi\u010dne sijalice<\/strong> (u\u017eareno vlakno), snage <strong data-start=\"584\" data-end=\"591\">40W<\/strong> \u2013 <em data-start=\"594\" data-end=\"612\">80 RSD po komadu<\/em><\/p>\n<\/li>\n<li data-start=\"615\" data-end=\"689\">\n<p data-start=\"617\" data-end=\"689\"><strong data-start=\"617\" data-end=\"644\">Toplo bele LED sijalice<\/strong>, <strong data-start=\"646\" data-end=\"667\">7W, 4000K, 630 lm<\/strong> \u2013 <em data-start=\"670\" data-end=\"689\">200 RSD po komadu<\/em><\/p>\n<\/li>\n<\/ul>\n<p data-start=\"691\" data-end=\"737\">Sijalice mo\u017eete izabrati prilikom poru\u010divanja.<\/p>\n<hr data-start=\"954\" data-end=\"957\" \/>\n<h3 data-start=\"959\" data-end=\"985\"><strong data-start=\"963\" data-end=\"985\">Pakovanje i slanje<\/strong><\/h3>\n<p data-start=\"986\" data-end=\"1194\">Ogledala pa\u017eljivo pakujemo koriste\u0107i proverene metode za\u0161tite kako bi bezbedno stigla do vas.<br data-start=\"1079\" data-end=\"1082\" \/>Imamo dugogodi\u0161nje iskustvo u pakovanju i slanju ovakvog tipa proizvoda, tako da ne morate brinuti o sigurnosti.<\/p>\n<p data-start=\"1236\" data-end=\"1420\">\n","protected":false},"excerpt":{"rendered":"<p>Standardno ogledalo obuhvata: Visokokvalitetno ogledalo 2m kabla sa uti\u010dnicom i prekida\u010dem Sistem za ka\u010denje na zid Sijalica grla E27 Sijalice (opciono) U cenu ogledala nisu uklju\u010dene sijalice.Ako \u017eelite da ih dodate uz ogledalo, u ponudi imamo dve vrste: Klasi\u010dne sijalice (u\u017eareno vlakno), snage 40W \u2013 80 RSD po komadu Toplo bele LED sijalice, 7W, 4000K, [&hellip;]<\/p>\n","protected":false},"featured_media":357,"comment_status":"open","ping_status":"closed","template":"","meta":[],"product_brand":[],"product_cat":[45],"product_tag":[],"class_list":{"0":"post-210","1":"product","2":"type-product","3":"status-publish","4":"has-post-thumbnail","6":"product_cat-ogledalo-bez-rama","8":"first","9":"instock","10":"shipping-taxable","11":"purchasable","12":"product-type-variable"},"_links":{"self":[{"href":"https:\/\/durahome.rs\/index.php\/wp-json\/wp\/v2\/product\/210","targetHints":{"allow":["GET"]}}],"collection":[{"href":"https:\/\/durahome.rs\/index.php\/wp-json\/wp\/v2\/product"}],"about":[{"href":"https:\/\/durahome.rs\/index.php\/wp-json\/wp\/v2\/types\/product"}],"replies":[{"embeddable":true,"href":"https:\/\/durahome.rs\/index.php\/wp-json\/wp\/v2\/comments?post=210"}],"wp:featuredmedia":[{"embeddable":true,"href":"https:\/\/durahome.rs\/index.php\/wp-json\/wp\/v2\/media\/357"}],"wp:attachment":[{"href":"https:\/\/durahome.rs\/index.php\/wp-json\/wp\/v2\/media?parent=210"}],"wp:term":[{"taxonomy":"product_brand","embeddable":true,"href":"https:\/\/durahome.rs\/index.php\/wp-json\/wp\/v2\/product_brand?post=210"},{"taxonomy":"product_cat","embeddable":true,"href":"https:\/\/durahome.rs\/index.php\/wp-json\/wp\/v2\/product_cat?post=210"},{"taxonomy":"product_tag","embeddable":true,"href":"https:\/\/durahome.rs\/index.php\/wp-json\/wp\/v2\/product_tag?post=210"}],"curies":[{"name":"wp","href":"https:\/\/api.w.org\/{rel}","templated":true}]}}