{"id":171,"date":"2025-11-13T11:05:38","date_gmt":"2025-11-13T11:05:38","guid":{"rendered":"https:\/\/durahome.rs\/?post_type=product&#038;p=171"},"modified":"2025-12-10T05:17:47","modified_gmt":"2025-12-10T05:17:47","slug":"ogledalo-sa-ramom","status":"publish","type":"product","link":"https:\/\/durahome.rs\/index.php\/product\/ogledalo-sa-ramom\/","title":{"rendered":"Ogledalo sa ramom"},"content":{"rendered":"<p data-start=\"146\" data-end=\"320\">Elegantno ogledalo sa svetlom \u2013 spoj funkcionalnosti i stila.<br data-start=\"207\" data-end=\"210\" \/>Izra\u0111eno od <strong data-start=\"222\" data-end=\"260\">univer rama bele boje \u0161irine 10 cm<\/strong>, sa pa\u017eljivo ugra\u0111enim <strong data-start=\"284\" data-end=\"317\">ogledalom vrhunskog kvaliteta<\/strong>.<\/p>\n<p data-start=\"322\" data-end=\"343\">Svaki model sadr\u017ei:<\/p>\n<ul data-start=\"344\" data-end=\"474\">\n<li data-start=\"344\" data-end=\"375\">\n<p data-start=\"346\" data-end=\"375\"><strong data-start=\"346\" data-end=\"358\">Uti\u010dnicu<\/strong> i <strong data-start=\"361\" data-end=\"373\">prekida\u010d<\/strong><\/p>\n<\/li>\n<li data-start=\"376\" data-end=\"403\">\n<p data-start=\"378\" data-end=\"403\"><strong data-start=\"378\" data-end=\"401\">Sijalic\u0301na grla E27<\/strong><\/p>\n<\/li>\n<li data-start=\"404\" data-end=\"433\">\n<p data-start=\"406\" data-end=\"433\"><strong data-start=\"406\" data-end=\"431\">2 m kabla sa utika\u010dem<\/strong><\/p>\n<\/li>\n<li data-start=\"434\" data-end=\"474\">\n<p data-start=\"436\" data-end=\"474\">Kompletan <strong data-start=\"446\" data-end=\"474\">sistem za ka\u010denje na zid<\/strong><\/p>\n<\/li>\n<\/ul>\n<p data-start=\"476\" data-end=\"616\">Sve je precizno izra\u0111eno i spremno za jednostavnu monta\u017eu, kako bi va\u0161e ogledalo bilo i estetski detalj i prakti\u010dan izvor svetla u prostoru.<\/p>\n<hr data-start=\"618\" data-end=\"621\" \/>\n<h3 data-start=\"623\" data-end=\"642\">\ud83d\udca1 <strong data-start=\"630\" data-end=\"642\">Sijalice<\/strong><\/h3>\n<p data-start=\"643\" data-end=\"751\">U cenu ogledala <strong data-start=\"659\" data-end=\"686\">nisu ura\u010dunate sijalice<\/strong>, ali ih mo\u017eete dodati uz porud\u017ebinu.<br data-start=\"723\" data-end=\"726\" \/>U ponudi su dve opcije:<\/p>\n<ul data-start=\"752\" data-end=\"887\">\n<li data-start=\"752\" data-end=\"821\">\n<p data-start=\"754\" data-end=\"821\"><strong data-start=\"754\" data-end=\"775\">Klasi\u010dne sijalice<\/strong> (sa u\u017earenim vlaknom), 40W \u2013 <strong data-start=\"805\" data-end=\"819\">80 RSD\/kom<\/strong><\/p>\n<\/li>\n<li data-start=\"822\" data-end=\"887\">\n<p data-start=\"824\" data-end=\"887\"><strong data-start=\"824\" data-end=\"851\">Toplo bele LED sijalice<\/strong>, 7W, 630lm, 4000K \u2013 <strong data-start=\"872\" data-end=\"887\">200 RSD\/kom<\/strong><\/p>\n<\/li>\n<\/ul>\n<hr data-start=\"889\" data-end=\"892\" \/>\n<h3 data-start=\"894\" data-end=\"923\">\ud83d\udce6 <strong data-start=\"901\" data-end=\"923\">Pakovanje i slanje<\/strong><\/h3>\n<p data-start=\"924\" data-end=\"1128\">Ogledala pa\u017eljivo <strong data-start=\"942\" data-end=\"969\">pakujemo i obezbe\u0111ujemo<\/strong> za transport.<br data-start=\"983\" data-end=\"986\" \/>Imamo bogato iskustvo sa slanjem staklenih proizvoda, pa mo\u017eete biti sigurni da \u0107e va\u0161e ogledalo sti\u0107i <strong data-start=\"1089\" data-end=\"1127\">bez o\u0161te\u0107enja i spremno za monta\u017eu<\/strong>.<\/p>\n","protected":false},"excerpt":{"rendered":"<p>Elegantno ogledalo sa svetlom \u2013 spoj funkcionalnosti i stila.Izra\u0111eno od univer rama bele boje \u0161irine 10 cm, sa pa\u017eljivo ugra\u0111enim ogledalom vrhunskog kvaliteta. Svaki model sadr\u017ei: Uti\u010dnicu i prekida\u010d Sijalic\u0301na grla E27 2 m kabla sa utika\u010dem Kompletan sistem za ka\u010denje na zid Sve je precizno izra\u0111eno i spremno za jednostavnu monta\u017eu, kako bi va\u0161e [&hellip;]<\/p>\n","protected":false},"featured_media":319,"comment_status":"open","ping_status":"closed","template":"","meta":[],"product_brand":[],"product_cat":[22],"product_tag":[],"class_list":{"0":"post-171","1":"product","2":"type-product","3":"status-publish","4":"has-post-thumbnail","6":"product_cat-ogledala-sa-ramom","8":"first","9":"instock","10":"shipping-taxable","11":"purchasable","12":"product-type-variable"},"_links":{"self":[{"href":"https:\/\/durahome.rs\/index.php\/wp-json\/wp\/v2\/product\/171","targetHints":{"allow":["GET"]}}],"collection":[{"href":"https:\/\/durahome.rs\/index.php\/wp-json\/wp\/v2\/product"}],"about":[{"href":"https:\/\/durahome.rs\/index.php\/wp-json\/wp\/v2\/types\/product"}],"replies":[{"embeddable":true,"href":"https:\/\/durahome.rs\/index.php\/wp-json\/wp\/v2\/comments?post=171"}],"wp:featuredmedia":[{"embeddable":true,"href":"https:\/\/durahome.rs\/index.php\/wp-json\/wp\/v2\/media\/319"}],"wp:attachment":[{"href":"https:\/\/durahome.rs\/index.php\/wp-json\/wp\/v2\/media?parent=171"}],"wp:term":[{"taxonomy":"product_brand","embeddable":true,"href":"https:\/\/durahome.rs\/index.php\/wp-json\/wp\/v2\/product_brand?post=171"},{"taxonomy":"product_cat","embeddable":true,"href":"https:\/\/durahome.rs\/index.php\/wp-json\/wp\/v2\/product_cat?post=171"},{"taxonomy":"product_tag","embeddable":true,"href":"https:\/\/durahome.rs\/index.php\/wp-json\/wp\/v2\/product_tag?post=171"}],"curies":[{"name":"wp","href":"https:\/\/api.w.org\/{rel}","templated":true}]}}