{"id":131,"date":"2025-09-15T11:52:58","date_gmt":"2025-09-15T11:52:58","guid":{"rendered":"https:\/\/durahome.rs\/?page_id=131"},"modified":"2026-02-26T14:28:44","modified_gmt":"2026-02-26T14:28:44","slug":"ogledala","status":"publish","type":"page","link":"https:\/\/durahome.rs\/index.php\/ogledala\/","title":{"rendered":"Ogledala"},"content":{"rendered":"<section class=\"bde-section-131-100 bde-section\">\n              \n  \n  \n\t\n\n\n\n<div class=\"section-container\"><div class=\"bde-div-131-101 bde-div\" data-entrance=\"slideDown\">\n              \n  \n  \n\t\n\n  <div class=\"section-background-overlay\"><\/div>\n\n\n<div class=\"bde-div-131-102 bde-div\">\n  \n  \n\t\n\n\n\n<img decoding=\"async\" class=\"bde-image2-131-200 bde-image2\" src=\"https:\/\/durahome.rs\/wp-content\/uploads\/2025\/09\/Dura-Home-B@2x.png\" loading=\"lazy\" sizes=\"(max-width: 233px) 100vw, 233px\"><h1 class=\"bde-heading-131-106 bde-heading\">\nOGLEDALA\n<\/h1><div class=\"bde-text-131-104 bde-text\">\nZablistajte uz Dura Home ogledala\n<\/div>\n<\/div>\n<\/div><div class=\"bde-logo-list-131-199 bde-logo-list un-image-carousel-container\" data-entrance=\"zoomOut\">\n\n  <div class=\"un-logo-bar__marquee-content carousel-type__infinite\">\n                            <div class=\"un-logo-bar__logo-wrapper\">\n          <img loading=\"lazy\" decoding=\"async\" class=\"breakdance-image-object\" src=\"https:\/\/durahome.rs\/wp-content\/uploads\/2025\/09\/Dostava-DH@2x.png\" width=\"688\" height=\"45\" srcset=\"https:\/\/durahome.rs\/wp-content\/uploads\/2025\/09\/Dostava-DH@2x.png 688w, https:\/\/durahome.rs\/wp-content\/uploads\/2025\/09\/Dostava-DH@2x-300x20.png 300w, https:\/\/durahome.rs\/wp-content\/uploads\/2025\/09\/Dostava-DH@2x-600x39.png 600w\" sizes=\"auto, (max-width: 688px) 100vw, 688px\">\n        <\/div>\n                              <div class=\"un-logo-bar__logo-wrapper\">\n          <img loading=\"lazy\" decoding=\"async\" class=\"breakdance-image-object\" src=\"https:\/\/durahome.rs\/wp-content\/uploads\/2025\/09\/Dostava-DH@2x.png\" width=\"688\" height=\"45\" srcset=\"https:\/\/durahome.rs\/wp-content\/uploads\/2025\/09\/Dostava-DH@2x.png 688w, https:\/\/durahome.rs\/wp-content\/uploads\/2025\/09\/Dostava-DH@2x-300x20.png 300w, https:\/\/durahome.rs\/wp-content\/uploads\/2025\/09\/Dostava-DH@2x-600x39.png 600w\" sizes=\"auto, (max-width: 688px) 100vw, 688px\">\n        <\/div>\n                                        <div class=\"un-logo-bar__logo-wrapper\">\n          <img loading=\"lazy\" decoding=\"async\" class=\"breakdance-image-object\" src=\"https:\/\/durahome.rs\/wp-content\/uploads\/2025\/09\/Dostava-DH@2x.png\" width=\"688\" height=\"45\" srcset=\"https:\/\/durahome.rs\/wp-content\/uploads\/2025\/09\/Dostava-DH@2x.png 688w, https:\/\/durahome.rs\/wp-content\/uploads\/2025\/09\/Dostava-DH@2x-300x20.png 300w, https:\/\/durahome.rs\/wp-content\/uploads\/2025\/09\/Dostava-DH@2x-600x39.png 600w\" sizes=\"auto, (max-width: 688px) 100vw, 688px\">\n        <\/div>\n                              <div class=\"un-logo-bar__logo-wrapper\">\n          <img loading=\"lazy\" decoding=\"async\" class=\"breakdance-image-object\" src=\"https:\/\/durahome.rs\/wp-content\/uploads\/2025\/09\/Dostava-DH@2x.png\" width=\"688\" height=\"45\" srcset=\"https:\/\/durahome.rs\/wp-content\/uploads\/2025\/09\/Dostava-DH@2x.png 688w, https:\/\/durahome.rs\/wp-content\/uploads\/2025\/09\/Dostava-DH@2x-300x20.png 300w, https:\/\/durahome.rs\/wp-content\/uploads\/2025\/09\/Dostava-DH@2x-600x39.png 600w\" sizes=\"auto, (max-width: 688px) 100vw, 688px\">\n        <\/div>\n                                        <div class=\"un-logo-bar__logo-wrapper\">\n          <img loading=\"lazy\" decoding=\"async\" class=\"breakdance-image-object\" src=\"https:\/\/durahome.rs\/wp-content\/uploads\/2025\/09\/Dostava-DH@2x.png\" width=\"688\" height=\"45\" srcset=\"https:\/\/durahome.rs\/wp-content\/uploads\/2025\/09\/Dostava-DH@2x.png 688w, https:\/\/durahome.rs\/wp-content\/uploads\/2025\/09\/Dostava-DH@2x-300x20.png 300w, https:\/\/durahome.rs\/wp-content\/uploads\/2025\/09\/Dostava-DH@2x-600x39.png 600w\" sizes=\"auto, (max-width: 688px) 100vw, 688px\">\n        <\/div>\n                              <div class=\"un-logo-bar__logo-wrapper\">\n          <img loading=\"lazy\" decoding=\"async\" class=\"breakdance-image-object\" src=\"https:\/\/durahome.rs\/wp-content\/uploads\/2025\/09\/Dostava-DH@2x.png\" width=\"688\" height=\"45\" srcset=\"https:\/\/durahome.rs\/wp-content\/uploads\/2025\/09\/Dostava-DH@2x.png 688w, https:\/\/durahome.rs\/wp-content\/uploads\/2025\/09\/Dostava-DH@2x-300x20.png 300w, https:\/\/durahome.rs\/wp-content\/uploads\/2025\/09\/Dostava-DH@2x-600x39.png 600w\" sizes=\"auto, (max-width: 688px) 100vw, 688px\">\n        <\/div>\n                                        <div class=\"un-logo-bar__logo-wrapper\">\n          <img loading=\"lazy\" decoding=\"async\" class=\"breakdance-image-object\" src=\"https:\/\/durahome.rs\/wp-content\/uploads\/2025\/09\/Dostava-DH@2x.png\" width=\"688\" height=\"45\" srcset=\"https:\/\/durahome.rs\/wp-content\/uploads\/2025\/09\/Dostava-DH@2x.png 688w, https:\/\/durahome.rs\/wp-content\/uploads\/2025\/09\/Dostava-DH@2x-300x20.png 300w, https:\/\/durahome.rs\/wp-content\/uploads\/2025\/09\/Dostava-DH@2x-600x39.png 600w\" sizes=\"auto, (max-width: 688px) 100vw, 688px\">\n        <\/div>\n                              <div class=\"un-logo-bar__logo-wrapper\">\n          <img loading=\"lazy\" decoding=\"async\" class=\"breakdance-image-object\" src=\"https:\/\/durahome.rs\/wp-content\/uploads\/2025\/09\/Dostava-DH@2x.png\" width=\"688\" height=\"45\" srcset=\"https:\/\/durahome.rs\/wp-content\/uploads\/2025\/09\/Dostava-DH@2x.png 688w, https:\/\/durahome.rs\/wp-content\/uploads\/2025\/09\/Dostava-DH@2x-300x20.png 300w, https:\/\/durahome.rs\/wp-content\/uploads\/2025\/09\/Dostava-DH@2x-600x39.png 600w\" sizes=\"auto, (max-width: 688px) 100vw, 688px\">\n        <\/div>\n                                        <div class=\"un-logo-bar__logo-wrapper\">\n          <img loading=\"lazy\" decoding=\"async\" class=\"breakdance-image-object\" src=\"https:\/\/durahome.rs\/wp-content\/uploads\/2025\/09\/Dostava-DH@2x.png\" width=\"688\" height=\"45\" srcset=\"https:\/\/durahome.rs\/wp-content\/uploads\/2025\/09\/Dostava-DH@2x.png 688w, https:\/\/durahome.rs\/wp-content\/uploads\/2025\/09\/Dostava-DH@2x-300x20.png 300w, https:\/\/durahome.rs\/wp-content\/uploads\/2025\/09\/Dostava-DH@2x-600x39.png 600w\" sizes=\"auto, (max-width: 688px) 100vw, 688px\">\n        <\/div>\n                              <div class=\"un-logo-bar__logo-wrapper\">\n          <img loading=\"lazy\" decoding=\"async\" class=\"breakdance-image-object\" src=\"https:\/\/durahome.rs\/wp-content\/uploads\/2025\/09\/Dostava-DH@2x.png\" width=\"688\" height=\"45\" srcset=\"https:\/\/durahome.rs\/wp-content\/uploads\/2025\/09\/Dostava-DH@2x.png 688w, https:\/\/durahome.rs\/wp-content\/uploads\/2025\/09\/Dostava-DH@2x-300x20.png 300w, https:\/\/durahome.rs\/wp-content\/uploads\/2025\/09\/Dostava-DH@2x-600x39.png 600w\" sizes=\"auto, (max-width: 688px) 100vw, 688px\">\n        <\/div>\n                                        <div class=\"un-logo-bar__logo-wrapper\">\n          <img loading=\"lazy\" decoding=\"async\" class=\"breakdance-image-object\" src=\"https:\/\/durahome.rs\/wp-content\/uploads\/2025\/09\/Dostava-DH@2x.png\" width=\"688\" height=\"45\" srcset=\"https:\/\/durahome.rs\/wp-content\/uploads\/2025\/09\/Dostava-DH@2x.png 688w, https:\/\/durahome.rs\/wp-content\/uploads\/2025\/09\/Dostava-DH@2x-300x20.png 300w, https:\/\/durahome.rs\/wp-content\/uploads\/2025\/09\/Dostava-DH@2x-600x39.png 600w\" sizes=\"auto, (max-width: 688px) 100vw, 688px\">\n        <\/div>\n                              <div class=\"un-logo-bar__logo-wrapper\">\n          <img loading=\"lazy\" decoding=\"async\" class=\"breakdance-image-object\" src=\"https:\/\/durahome.rs\/wp-content\/uploads\/2025\/09\/Dostava-DH@2x.png\" width=\"688\" height=\"45\" srcset=\"https:\/\/durahome.rs\/wp-content\/uploads\/2025\/09\/Dostava-DH@2x.png 688w, https:\/\/durahome.rs\/wp-content\/uploads\/2025\/09\/Dostava-DH@2x-300x20.png 300w, https:\/\/durahome.rs\/wp-content\/uploads\/2025\/09\/Dostava-DH@2x-600x39.png 600w\" sizes=\"auto, (max-width: 688px) 100vw, 688px\">\n        <\/div>\n                      <\/div>\n<\/div><div class=\"bde-fancy-divider-131-108 bde-fancy-divider\">\n\n\n<div class=\"bde-fancy-divider__wrapper\">\n  <div class=\"bde-fancy-divider__separator   \">\n  \t  <\/div>\n<\/div>\n\n<\/div><\/div>\n<\/section><section class=\"bde-section-131-225 bde-section\">\n  \n  \n\t\n\n\n\n<div class=\"section-container\"><div class=\"bde-rich-text-131-226 bde-rich-text breakdance-rich-text-styles\">\n<h3 data-start=\"66\" data-end=\"94\"><strong data-start=\"70\" data-end=\"92\">Dura Home Ogledala<\/strong><\/h3>\n<p data-start=\"96\" data-end=\"429\">Ogledala iz Dura Home kolekcije predstavljaju spoj funkcionalnosti, modernog dizajna i vrhunskog kvaliteta izrade. Bilo da tra\u017eite ogledalo sa ramom, bez rama, okruglo, sa pozadinskim osvetljenjem, prakti\u010dnu varijantu sa policom ili kupatilsko ogledalo \u2013 svaka kategorija je pa\u017eljivo kreirana da ispuni potrebe savremenog prostora.<\/p>\n<p data-start=\"431\" data-end=\"685\">Na\u0161a ogledala nisu samo prakti\u010dan dodatak, ve\u0107 i detalj koji unosi eleganciju i stil u va\u0161 dom, salon ili studio. Zahvaljuju\u0107i mogu\u0107nosti izbora dimenzija, boje rama i broja sijali\u010dnih mesta, svako ogledalo mo\u017ee biti prilago\u0111eno va\u0161em ukusu i prostoru.<\/p>\n<p data-start=\"687\" data-end=\"944\">Dura Home ogledala pru\u017eaju idealne uslove za \u0161minkanje, friziranje i negu, a istovremeno doprinose estetskom do\u017eivljaju ambijenta. Sa pa\u017eljivo odabranim osvetljenjem i vrhunskom zavr\u0161nom obradom, postaju deo svakodnevne rutine koji podi\u017ee kvalitet \u017eivota.<\/p>\n<\/div><\/div>\n<\/section><section class=\"bde-section-131-219 bde-section\">\n  \n  \n\t\n\n\n\n<div class=\"section-container\"><h2 class=\"bde-heading-131-222 bde-heading\">\nSHOP\n<\/h2><div class=\"bde-wooproductslist-131-221 bde-wooproductslist breakdance-woocommerce\"><div class=\"woocommerce\"><ul class=\"products\">\n<li class=\"product type-product post-210 status-publish first instock product_cat-ogledalo-bez-rama has-post-thumbnail shipping-taxable purchasable product-type-variable\" >\n\t<a href=\"https:\/\/durahome.rs\/index.php\/product\/ogledalo-bez-rama\/\" class=\"woocommerce-LoopProduct-link woocommerce-loop-product__link\"><div class=\"bde-woo-product-image\"><img loading=\"lazy\" decoding=\"async\" width=\"300\" height=\"300\" src=\"https:\/\/durahome.rs\/wp-content\/uploads\/2025\/11\/DuraHome-bez-rama_0008_70x50-300x300.jpg\" class=\"attachment-woocommerce_thumbnail size-woocommerce_thumbnail\" alt=\"Ogledalo bez rama\" srcset=\"https:\/\/durahome.rs\/wp-content\/uploads\/2025\/11\/DuraHome-bez-rama_0008_70x50-300x300.jpg 300w, https:\/\/durahome.rs\/wp-content\/uploads\/2025\/11\/DuraHome-bez-rama_0008_70x50-1024x1024.jpg 1024w, https:\/\/durahome.rs\/wp-content\/uploads\/2025\/11\/DuraHome-bez-rama_0008_70x50-150x150.jpg 150w, https:\/\/durahome.rs\/wp-content\/uploads\/2025\/11\/DuraHome-bez-rama_0008_70x50-768x768.jpg 768w, https:\/\/durahome.rs\/wp-content\/uploads\/2025\/11\/DuraHome-bez-rama_0008_70x50-1536x1536.jpg 1536w, https:\/\/durahome.rs\/wp-content\/uploads\/2025\/11\/DuraHome-bez-rama_0008_70x50-600x600.jpg 600w, https:\/\/durahome.rs\/wp-content\/uploads\/2025\/11\/DuraHome-bez-rama_0008_70x50.jpg 1800w\" sizes=\"auto, (max-width: 300px) 100vw, 300px\" \/><\/div><h2 class=\"woocommerce-loop-product__title\">Ogledalo bez rama<\/h2>\n\t<span class=\"price\"><span class=\"woocommerce-Price-amount amount\" aria-hidden=\"true\"><bdi>4.700&nbsp;<span class=\"woocommerce-Price-currencySymbol\">&#1088;&#1089;&#1076;<\/span><\/bdi><\/span> <span aria-hidden=\"true\">&ndash;<\/span> <span class=\"woocommerce-Price-amount amount\" aria-hidden=\"true\"><bdi>19.900&nbsp;<span class=\"woocommerce-Price-currencySymbol\">&#1088;&#1089;&#1076;<\/span><\/bdi><\/span><span class=\"screen-reader-text\">Raspon cena: od 4.700&nbsp;&#1088;&#1089;&#1076; do 19.900&nbsp;&#1088;&#1089;&#1076;<\/span><\/span>\n<\/a><div class=\"bde-woo-product-footer\"><a href=\"https:\/\/durahome.rs\/index.php\/product\/ogledalo-bez-rama\/\" aria-describedby=\"woocommerce_loop_add_to_cart_link_describedby_210\" data-quantity=\"1\" class=\"button product_type_variable add_to_cart_button\" data-product_id=\"210\" data-product_sku=\"\" aria-label=\"Odaberite opcije za \u201eOgledalo bez rama\u201c\" rel=\"nofollow\">Odaberite opcije<\/a>\t<span id=\"woocommerce_loop_add_to_cart_link_describedby_210\" class=\"screen-reader-text\">\n\t\tOvaj proizvod ima vi\u0161e varijanti. Opcije mogu biti izabrane na stranici proizvoda.\t<\/span>\n<\/div><\/li>\n<li class=\"product type-product post-171 status-publish instock product_cat-ogledala-sa-ramom has-post-thumbnail shipping-taxable purchasable product-type-variable\" >\n\t<a href=\"https:\/\/durahome.rs\/index.php\/product\/ogledalo-sa-ramom\/\" class=\"woocommerce-LoopProduct-link woocommerce-loop-product__link\"><div class=\"bde-woo-product-image\"><img loading=\"lazy\" decoding=\"async\" width=\"300\" height=\"300\" src=\"https:\/\/durahome.rs\/wp-content\/uploads\/2025\/11\/Bez-rama-60x80cm-300x300.png\" class=\"attachment-woocommerce_thumbnail size-woocommerce_thumbnail\" alt=\"Ogledalo sa ramom\" srcset=\"https:\/\/durahome.rs\/wp-content\/uploads\/2025\/11\/Bez-rama-60x80cm-300x300.png 300w, https:\/\/durahome.rs\/wp-content\/uploads\/2025\/11\/Bez-rama-60x80cm-1024x1024.png 1024w, https:\/\/durahome.rs\/wp-content\/uploads\/2025\/11\/Bez-rama-60x80cm-150x150.png 150w, https:\/\/durahome.rs\/wp-content\/uploads\/2025\/11\/Bez-rama-60x80cm-768x768.png 768w, https:\/\/durahome.rs\/wp-content\/uploads\/2025\/11\/Bez-rama-60x80cm-1536x1536.png 1536w, https:\/\/durahome.rs\/wp-content\/uploads\/2025\/11\/Bez-rama-60x80cm-600x600.png 600w, https:\/\/durahome.rs\/wp-content\/uploads\/2025\/11\/Bez-rama-60x80cm.png 2000w\" sizes=\"auto, (max-width: 300px) 100vw, 300px\" \/><\/div><h2 class=\"woocommerce-loop-product__title\">Ogledalo sa ramom<\/h2>\n\t<span class=\"price\"><span class=\"woocommerce-Price-amount amount\" aria-hidden=\"true\"><bdi>7.200&nbsp;<span class=\"woocommerce-Price-currencySymbol\">&#1088;&#1089;&#1076;<\/span><\/bdi><\/span> <span aria-hidden=\"true\">&ndash;<\/span> <span class=\"woocommerce-Price-amount amount\" aria-hidden=\"true\"><bdi>15.800&nbsp;<span class=\"woocommerce-Price-currencySymbol\">&#1088;&#1089;&#1076;<\/span><\/bdi><\/span><span class=\"screen-reader-text\">Raspon cena: od 7.200&nbsp;&#1088;&#1089;&#1076; do 15.800&nbsp;&#1088;&#1089;&#1076;<\/span><\/span>\n<\/a><div class=\"bde-woo-product-footer\"><a href=\"https:\/\/durahome.rs\/index.php\/product\/ogledalo-sa-ramom\/\" aria-describedby=\"woocommerce_loop_add_to_cart_link_describedby_171\" data-quantity=\"1\" class=\"button product_type_variable add_to_cart_button\" data-product_id=\"171\" data-product_sku=\"\" aria-label=\"Odaberite opcije za \u201eOgledalo sa ramom\u201c\" rel=\"nofollow\">Odaberite opcije<\/a>\t<span id=\"woocommerce_loop_add_to_cart_link_describedby_171\" class=\"screen-reader-text\">\n\t\tOvaj proizvod ima vi\u0161e varijanti. Opcije mogu biti izabrane na stranici proizvoda.\t<\/span>\n<\/div><\/li>\n<\/ul>\n<\/div>\r\n<\/div><div class=\"bde-button-131-223 bde-button\">\n    \n                        \n                        \n    \n    \n    \n    \n            \n                    \n            \n            \n\n    \n    \n    \n    \n    \n    <a class=\"breakdance-link button-atom button-atom--custom bde-button__button\" href=\"https:\/\/durahome.rs\/index.php\/shop\/\" target=\"_self\" data-type=\"url\"  >\n\n    \n        <span class=\"button-atom__text\">Pogledaj ceo shop<\/span>\n\n        \n        \n                <\/a>\n\n    \n\n\n<\/div><\/div>\n<\/section>","protected":false},"excerpt":{"rendered":"","protected":false},"author":1,"featured_media":0,"parent":0,"menu_order":0,"comment_status":"closed","ping_status":"closed","template":"","meta":{"_breakdance_hide_in_design_set":false,"_breakdance_tags":"","footnotes":""},"class_list":["post-131","page","type-page","status-publish","hentry"],"_links":{"self":[{"href":"https:\/\/durahome.rs\/index.php\/wp-json\/wp\/v2\/pages\/131","targetHints":{"allow":["GET"]}}],"collection":[{"href":"https:\/\/durahome.rs\/index.php\/wp-json\/wp\/v2\/pages"}],"about":[{"href":"https:\/\/durahome.rs\/index.php\/wp-json\/wp\/v2\/types\/page"}],"author":[{"embeddable":true,"href":"https:\/\/durahome.rs\/index.php\/wp-json\/wp\/v2\/users\/1"}],"replies":[{"embeddable":true,"href":"https:\/\/durahome.rs\/index.php\/wp-json\/wp\/v2\/comments?post=131"}],"version-history":[{"count":3,"href":"https:\/\/durahome.rs\/index.php\/wp-json\/wp\/v2\/pages\/131\/revisions"}],"predecessor-version":[{"id":375,"href":"https:\/\/durahome.rs\/index.php\/wp-json\/wp\/v2\/pages\/131\/revisions\/375"}],"wp:attachment":[{"href":"https:\/\/durahome.rs\/index.php\/wp-json\/wp\/v2\/media?parent=131"}],"curies":[{"name":"wp","href":"https:\/\/api.w.org\/{rel}","templated":true}]}}